{"id":5339,"date":"2021-11-02T11:56:34","date_gmt":"2021-11-02T11:56:34","guid":{"rendered":"https:\/\/go-remotical.com\/?page_id=5339"},"modified":"2022-06-06T20:28:38","modified_gmt":"2022-06-06T20:28:38","slug":"remote-fuerteventura","status":"publish","type":"page","link":"https:\/\/go-remotical.com\/de\/remote-fuerteventura\/","title":{"rendered":"Fuerteventura"},"content":{"rendered":"<div data-elementor-type=\"wp-page\" data-elementor-id=\"5339\" class=\"elementor elementor-5339\">\n\t\t\t\t\t\t\t\t\t<section class=\"elementor-section elementor-top-section elementor-element elementor-element-5ffe8ab elementor-section-full_width elementor-section-height-full elementor-section-content-middle elementor-section-height-default elementor-section-items-middle\" data-id=\"5ffe8ab\" data-element_type=\"section\" data-settings=\"{&quot;background_background&quot;:&quot;classic&quot;}\">\n\t\t\t\t\t\t<div class=\"elementor-container elementor-column-gap-default\">\n\t\t\t\t\t<div class=\"elementor-column elementor-col-100 elementor-top-column elementor-element elementor-element-8641548\" data-id=\"8641548\" data-element_type=\"column\">\n\t\t\t<div class=\"elementor-widget-wrap elementor-element-populated\">\n\t\t\t\t\t\t\t\t<div class=\"elementor-element elementor-element-f749205 elementor-widget elementor-widget-heading\" data-id=\"f749205\" data-element_type=\"widget\" data-widget_type=\"heading.default\">\n\t\t\t\t<div class=\"elementor-widget-container\">\n\t\t\t<style>\/*! elementor - v3.7.7 - 20-09-2022 *\/\n.elementor-heading-title{padding:0;margin:0;line-height:1}.elementor-widget-heading .elementor-heading-title[class*=elementor-size-]>a{color:inherit;font-size:inherit;line-height:inherit}.elementor-widget-heading .elementor-heading-title.elementor-size-small{font-size:15px}.elementor-widget-heading .elementor-heading-title.elementor-size-medium{font-size:19px}.elementor-widget-heading .elementor-heading-title.elementor-size-large{font-size:29px}.elementor-widget-heading .elementor-heading-title.elementor-size-xl{font-size:39px}.elementor-widget-heading .elementor-heading-title.elementor-size-xxl{font-size:59px}<\/style><h1 class=\"elementor-heading-title elementor-size-default\">Fuerteventura<\/h1>\t\t<\/div>\n\t\t\t\t<\/div>\n\t\t\t\t\t<\/div>\n\t\t<\/div>\n\t\t\t\t\t\t\t<\/div>\n\t\t<\/section>\n\t\t\t\t<section class=\"elementor-section elementor-top-section elementor-element elementor-element-13d70df elementor-section-boxed elementor-section-height-default elementor-section-height-default\" data-id=\"13d70df\" data-element_type=\"section\" data-settings=\"{&quot;background_background&quot;:&quot;classic&quot;}\">\n\t\t\t\t\t\t<div class=\"elementor-container elementor-column-gap-default\">\n\t\t\t\t\t<div class=\"elementor-column elementor-col-100 elementor-top-column elementor-element elementor-element-7e8c96e\" data-id=\"7e8c96e\" data-element_type=\"column\">\n\t\t\t<div class=\"elementor-widget-wrap elementor-element-populated\">\n\t\t\t\t\t\t\t\t<section class=\"elementor-section elementor-inner-section elementor-element elementor-element-948713f elementor-section-boxed elementor-section-height-default elementor-section-height-default\" data-id=\"948713f\" data-element_type=\"section\" data-settings=\"{&quot;background_background&quot;:&quot;classic&quot;}\">\n\t\t\t\t\t\t<div class=\"elementor-container elementor-column-gap-default\">\n\t\t\t\t\t<div class=\"elementor-column elementor-col-50 elementor-inner-column elementor-element elementor-element-cd7ec44\" data-id=\"cd7ec44\" data-element_type=\"column\">\n\t\t\t<div class=\"elementor-widget-wrap elementor-element-populated\">\n\t\t\t\t\t\t\t\t<div class=\"elementor-element elementor-element-edf6756 elementor-widget elementor-widget-image\" data-id=\"edf6756\" data-element_type=\"widget\" data-widget_type=\"image.default\">\n\t\t\t\t<div class=\"elementor-widget-container\">\n\t\t\t<style>\/*! elementor - v3.7.7 - 20-09-2022 *\/\n.elementor-widget-image{text-align:center}.elementor-widget-image a{display:inline-block}.elementor-widget-image a img[src$=\".svg\"]{width:48px}.elementor-widget-image img{vertical-align:middle;display:inline-block}<\/style>\t\t\t\t\t\t\t\t\t\t\t\t<img width=\"724\" height=\"1024\" src=\"https:\/\/go-remotical.com\/wp-content\/uploads\/2021\/06\/fuerteventura-02-724x1024.jpg\" class=\"attachment-large size-large\" alt=\"Remote - Fuerteventura Logo black\" srcset=\"https:\/\/go-remotical.com\/wp-content\/uploads\/2021\/06\/fuerteventura-02-724x1024.jpg 724w, https:\/\/go-remotical.com\/wp-content\/uploads\/2021\/06\/fuerteventura-02-212x300.jpg 212w, https:\/\/go-remotical.com\/wp-content\/uploads\/2021\/06\/fuerteventura-02-768x1086.jpg 768w, https:\/\/go-remotical.com\/wp-content\/uploads\/2021\/06\/fuerteventura-02-1086x1536.jpg 1086w, https:\/\/go-remotical.com\/wp-content\/uploads\/2021\/06\/fuerteventura-02-1448x2048.jpg 1448w, https:\/\/go-remotical.com\/wp-content\/uploads\/2021\/06\/fuerteventura-02-scaled.jpg 1811w\" sizes=\"(max-width: 724px) 100vw, 724px\" \/>\t\t\t\t\t\t\t\t\t\t\t\t\t\t\t<\/div>\n\t\t\t\t<\/div>\n\t\t\t\t\t<\/div>\n\t\t<\/div>\n\t\t\t\t<div class=\"elementor-column elementor-col-50 elementor-inner-column elementor-element elementor-element-d20343e\" data-id=\"d20343e\" data-element_type=\"column\">\n\t\t\t<div class=\"elementor-widget-wrap elementor-element-populated\">\n\t\t\t\t\t\t\t\t<div class=\"elementor-element elementor-element-90affd5 elementor-widget elementor-widget-text-editor\" data-id=\"90affd5\" data-element_type=\"widget\" data-widget_type=\"text-editor.default\">\n\t\t\t\t<div class=\"elementor-widget-container\">\n\t\t\t<style>\/*! elementor - v3.7.7 - 20-09-2022 *\/\n.elementor-widget-text-editor.elementor-drop-cap-view-stacked .elementor-drop-cap{background-color:#818a91;color:#fff}.elementor-widget-text-editor.elementor-drop-cap-view-framed .elementor-drop-cap{color:#818a91;border:3px solid;background-color:transparent}.elementor-widget-text-editor:not(.elementor-drop-cap-view-default) .elementor-drop-cap{margin-top:8px}.elementor-widget-text-editor:not(.elementor-drop-cap-view-default) .elementor-drop-cap-letter{width:1em;height:1em}.elementor-widget-text-editor .elementor-drop-cap{float:left;text-align:center;line-height:1;font-size:50px}.elementor-widget-text-editor .elementor-drop-cap-letter{display:inline-block}<\/style>\t\t\t\t<p class=\"p1\">Fuerteventura ist bekannt f\u00fcr seine langen wei\u00dfen Str\u00e4nde, kristallblaues Meerwasser, w\u00fcsten\u00e4hnliche Landschaften und hervorragende Wind- und Wellenbedingungen. Spiele mit den Elementen oder genie\u00dfe 150 Kilometer traumhafte Str\u00e4nde. Gehe direkt vom Strand zu den Bars und genie\u00dfe das Nachtleben auf der Insel. Auf Fuerteventura hast du eine reine, entspannte und unbeschwerte Zeit. Schau dir an, was Fuerteventura zu bieten hat.<\/p>\t\t\t\t\t\t<\/div>\n\t\t\t\t<\/div>\n\t\t\t\t\t<\/div>\n\t\t<\/div>\n\t\t\t\t\t\t\t<\/div>\n\t\t<\/section>\n\t\t\t\t<div class=\"elementor-element elementor-element-c5e7224 elementor-aspect-ratio-169 elementor-widget elementor-widget-video\" data-id=\"c5e7224\" data-element_type=\"widget\" data-settings=\"{&quot;youtube_url&quot;:&quot;https:\\\/\\\/www.youtube.com\\\/watch?v=m1xXysv-GFo&amp;feature=youtu.be&quot;,&quot;video_type&quot;:&quot;youtube&quot;,&quot;controls&quot;:&quot;yes&quot;,&quot;aspect_ratio&quot;:&quot;169&quot;}\" data-widget_type=\"video.default\">\n\t\t\t\t<div class=\"elementor-widget-container\">\n\t\t\t<style>\/*! elementor - v3.7.7 - 20-09-2022 *\/\n.elementor-widget-video .elementor-widget-container{overflow:hidden;-webkit-transform:translateZ(0);transform:translateZ(0)}.elementor-widget-video .elementor-open-inline .elementor-custom-embed-image-overlay{position:absolute;top:0;left:0;width:100%;height:100%;background-size:cover;background-position:50%}.elementor-widget-video .elementor-custom-embed-image-overlay{cursor:pointer;text-align:center}.elementor-widget-video .elementor-custom-embed-image-overlay:hover .elementor-custom-embed-play i{opacity:1}.elementor-widget-video .elementor-custom-embed-image-overlay img{display:block;width:100%}.elementor-widget-video .e-hosted-video .elementor-video{-o-object-fit:cover;object-fit:cover}.e-container>.elementor-widget-video{width:var(--container-widget-width,100%)}<\/style>\t\t<div class=\"elementor-wrapper elementor-fit-aspect-ratio elementor-open-inline\">\n\t\t\t<div class=\"elementor-video\"><\/div>\t\t<\/div>\n\t\t\t\t<\/div>\n\t\t\t\t<\/div>\n\t\t\t\t\t<\/div>\n\t\t<\/div>\n\t\t\t\t\t\t\t<\/div>\n\t\t<\/section>\n\t\t\t\t<section class=\"elementor-section elementor-top-section elementor-element elementor-element-633ccbd elementor-section-boxed elementor-section-height-default elementor-section-height-default\" data-id=\"633ccbd\" data-element_type=\"section\" data-settings=\"{&quot;background_background&quot;:&quot;classic&quot;}\">\n\t\t\t\t\t\t<div class=\"elementor-container elementor-column-gap-default\">\n\t\t\t\t\t<div class=\"elementor-column elementor-col-50 elementor-top-column elementor-element elementor-element-33c2649\" data-id=\"33c2649\" data-element_type=\"column\">\n\t\t\t<div class=\"elementor-widget-wrap elementor-element-populated\">\n\t\t\t\t\t\t\t\t<div class=\"elementor-element elementor-element-218426e elementor-widget elementor-widget-heading\" data-id=\"218426e\" data-element_type=\"widget\" data-widget_type=\"heading.default\">\n\t\t\t\t<div class=\"elementor-widget-container\">\n\t\t\t<h2 class=\"elementor-heading-title elementor-size-default\">Corralejo<\/h2>\t\t<\/div>\n\t\t\t\t<\/div>\n\t\t\t\t<div class=\"elementor-element elementor-element-0882ce3 elementor-widget elementor-widget-text-editor\" data-id=\"0882ce3\" data-element_type=\"widget\" data-widget_type=\"text-editor.default\">\n\t\t\t\t<div class=\"elementor-widget-container\">\n\t\t\t\t\t\t\t<p>Corralejo ist die n\u00f6rdlichste Stadt von Fuerteventura.<span style=\"color: var( --e-global-color-primary ); font-family: var( --e-global-typography-primary-font-family ); font-style: var( --e-global-typography-primary-font-style ); font-weight: var( --e-global-typography-primary-font-weight );\">Erlebe die perfekte Mischung aus Strand-, (Kite)Surf- und Nachtleben. <\/span><span style=\"color: var( --e-global-color-primary ); font-family: var( --e-global-typography-primary-font-family ); font-style: var( --e-global-typography-primary-font-style ); font-weight: var( --e-global-typography-primary-font-weight );\">Ber\u00fchmt ist Corralejo auch f\u00fcr die zahlreichen Naturwunder in der N\u00e4he, wie die gigantischen Sandd\u00fcnen und die exotische, vulkanische Insel Lobos, die so nah gelegen ist, dass man sie vom Strand aus sehen kann. F\u00fcr die Wassersportfanatiker gibt es eine gro\u00dfe Wassersportszene zum (Kite-)Surfen, Angeln oder Tauchen. Mit zahlreichen Freizeiteinrichtungen und Shoppingm\u00f6glichkeiten deckt Corralejo praktisch alle Bereiche ab und ist einer der vielf\u00e4ltigsten Orte der Insel.<\/span><\/p>\t\t\t\t\t\t<\/div>\n\t\t\t\t<\/div>\n\t\t\t\t\t<\/div>\n\t\t<\/div>\n\t\t\t\t<div class=\"elementor-column elementor-col-50 elementor-top-column elementor-element elementor-element-7be054a\" data-id=\"7be054a\" data-element_type=\"column\">\n\t\t\t<div class=\"elementor-widget-wrap elementor-element-populated\">\n\t\t\t\t\t\t\t\t<div class=\"elementor-element elementor-element-97becbc elementor-widget elementor-widget-image\" data-id=\"97becbc\" data-element_type=\"widget\" data-widget_type=\"image.default\">\n\t\t\t\t<div class=\"elementor-widget-container\">\n\t\t\t\t\t\t\t\t\t\t\t\t\t\t\t<img src=\"https:\/\/go-remotical.com\/wp-content\/uploads\/elementor\/thumbs\/Remote-corralejo-pe9s0mbdbeb3fas0gv7facokmujc3y0ecv94j3974o.jpg\" title=\"Remote &#8211; Corralejo Fuerteventura\" alt=\"Remote - Corralejo Fuerteventura\" \/>\t\t\t\t\t\t\t\t\t\t\t\t\t\t\t<\/div>\n\t\t\t\t<\/div>\n\t\t\t\t\t<\/div>\n\t\t<\/div>\n\t\t\t\t\t\t\t<\/div>\n\t\t<\/section>\n\t\t\t\t<section class=\"elementor-section elementor-top-section elementor-element elementor-element-2f894b0 elementor-reverse-mobile elementor-section-boxed elementor-section-height-default elementor-section-height-default\" data-id=\"2f894b0\" data-element_type=\"section\" data-settings=\"{&quot;background_background&quot;:&quot;classic&quot;}\">\n\t\t\t\t\t\t<div class=\"elementor-container elementor-column-gap-default\">\n\t\t\t\t\t<div class=\"elementor-column elementor-col-50 elementor-top-column elementor-element elementor-element-2fcab07\" data-id=\"2fcab07\" data-element_type=\"column\">\n\t\t\t<div class=\"elementor-widget-wrap elementor-element-populated\">\n\t\t\t\t\t\t\t\t<div class=\"elementor-element elementor-element-21f71c4 elementor-widget elementor-widget-image\" data-id=\"21f71c4\" data-element_type=\"widget\" data-widget_type=\"image.default\">\n\t\t\t\t<div class=\"elementor-widget-container\">\n\t\t\t\t\t\t\t\t\t\t\t\t\t\t\t<img src=\"https:\/\/go-remotical.com\/wp-content\/uploads\/elementor\/thumbs\/Remote-fuerteventura-costa-calma-scaled-pfx7z631r69vczzjg7bsgxxtj5c17dplia7skxfiag.jpg\" title=\"Remote &#8211; Costa Calma beach Fuerteventura\" alt=\"Remote - Costa Calma beach Fuerteventura\" \/>\t\t\t\t\t\t\t\t\t\t\t\t\t\t\t<\/div>\n\t\t\t\t<\/div>\n\t\t\t\t\t<\/div>\n\t\t<\/div>\n\t\t\t\t<div class=\"elementor-column elementor-col-50 elementor-top-column elementor-element elementor-element-f72b7ff\" data-id=\"f72b7ff\" data-element_type=\"column\">\n\t\t\t<div class=\"elementor-widget-wrap elementor-element-populated\">\n\t\t\t\t\t\t\t\t<div class=\"elementor-element elementor-element-ea2f6c7 elementor-widget elementor-widget-heading\" data-id=\"ea2f6c7\" data-element_type=\"widget\" data-widget_type=\"heading.default\">\n\t\t\t\t<div class=\"elementor-widget-container\">\n\t\t\t<h2 class=\"elementor-heading-title elementor-size-default\">Costa Calma<\/h2>\t\t<\/div>\n\t\t\t\t<\/div>\n\t\t\t\t<div class=\"elementor-element elementor-element-08458c2 elementor-widget elementor-widget-text-editor\" data-id=\"08458c2\" data-element_type=\"widget\" data-widget_type=\"text-editor.default\">\n\t\t\t\t<div class=\"elementor-widget-container\">\n\t\t\t\t\t\t\t<p>Wie der Name schon sagt, ist Costa Calma eine sehr ruhige K\u00fcstenstadt. Es ist ber\u00fchmt f\u00fcr seine langen goldenen Str\u00e4nde und die saisonale Windsurf- und Kitesurfszene. Costa Calma liegt in der Mitte der Insel und ist ein perfekter Ausgangspunkt, um den Rest der Insel zu erkunden. Suchst du einen Ort, an dem du dich vollkommen entspannen oder deinen Aufenthalt dem Windsurfen, Kiten oder Surfen widmen kannst, dann bist du hier genau richtig.<\/p>\t\t\t\t\t\t<\/div>\n\t\t\t\t<\/div>\n\t\t\t\t\t<\/div>\n\t\t<\/div>\n\t\t\t\t\t\t\t<\/div>\n\t\t<\/section>\n\t\t\t\t<section class=\"elementor-section elementor-top-section elementor-element elementor-element-babd5ec elementor-section-boxed elementor-section-height-default elementor-section-height-default\" data-id=\"babd5ec\" data-element_type=\"section\" data-settings=\"{&quot;background_background&quot;:&quot;classic&quot;}\">\n\t\t\t\t\t\t<div class=\"elementor-container elementor-column-gap-default\">\n\t\t\t\t\t<div class=\"elementor-column elementor-col-50 elementor-top-column elementor-element elementor-element-339ed6b\" data-id=\"339ed6b\" data-element_type=\"column\">\n\t\t\t<div class=\"elementor-widget-wrap elementor-element-populated\">\n\t\t\t\t\t\t\t\t<div class=\"elementor-element elementor-element-3ab8af6 elementor-widget elementor-widget-heading\" data-id=\"3ab8af6\" data-element_type=\"widget\" data-widget_type=\"heading.default\">\n\t\t\t\t<div class=\"elementor-widget-container\">\n\t\t\t<h2 class=\"elementor-heading-title elementor-size-default\">Morro Jable<\/h2>\t\t<\/div>\n\t\t\t\t<\/div>\n\t\t\t\t<div class=\"elementor-element elementor-element-307f287 elementor-widget elementor-widget-text-editor\" data-id=\"307f287\" data-element_type=\"widget\" data-widget_type=\"text-editor.default\">\n\t\t\t\t<div class=\"elementor-widget-container\">\n\t\t\t\t\t\t\t<p>Morro Jable ist die s\u00fcdlichste K\u00fcste der Insel. Der Strand mit wei\u00dfem Sand und ruhigem t\u00fcrkisfarbenem bis smaragdgr\u00fcnem Wasser hat eine L\u00e4nge von vier Kilometern und wird von einer riesigen Promenade mit Gesch\u00e4ften, Freizeitzentren und Restaurants umschlossen. Von Morro Jable aus kannst du bequem die Surfstr\u00e4nde, Kitestr\u00e4nde oder die anderen spektakul\u00e4ren wilden Str\u00e4nde im S\u00fcden erkunden. Wenn du ein Strandfanatiker bist, ist Morro Jable vermutlich der richtige Ort f\u00fcr dich.<\/p>\t\t\t\t\t\t<\/div>\n\t\t\t\t<\/div>\n\t\t\t\t\t<\/div>\n\t\t<\/div>\n\t\t\t\t<div class=\"elementor-column elementor-col-50 elementor-top-column elementor-element elementor-element-a4708f5\" data-id=\"a4708f5\" data-element_type=\"column\">\n\t\t\t<div class=\"elementor-widget-wrap elementor-element-populated\">\n\t\t\t\t\t\t\t\t<div class=\"elementor-element elementor-element-570bb2b elementor-widget elementor-widget-image\" data-id=\"570bb2b\" data-element_type=\"widget\" data-widget_type=\"image.default\">\n\t\t\t\t<div class=\"elementor-widget-container\">\n\t\t\t\t\t\t\t\t\t\t\t\t\t\t\t<img src=\"https:\/\/go-remotical.com\/wp-content\/uploads\/elementor\/thumbs\/Remote-Morro-Jable-2-scaled-pfx9otbzz0nuscfyhclyhvx41vhn0rfuzeh6n8107s.jpg\" title=\"Remote &#8211; Sunny day at Playa de Matorral at Morro Jable, Fuerteventura, Canary islands, Spain.\" alt=\"Remote - Beach Morro Jable\" \/>\t\t\t\t\t\t\t\t\t\t\t\t\t\t\t<\/div>\n\t\t\t\t<\/div>\n\t\t\t\t\t<\/div>\n\t\t<\/div>\n\t\t\t\t\t\t\t<\/div>\n\t\t<\/section>\n\t\t\t\t<section class=\"elementor-section elementor-top-section elementor-element elementor-element-a5ecc68 elementor-section-boxed elementor-section-height-default elementor-section-height-default\" data-id=\"a5ecc68\" data-element_type=\"section\" data-settings=\"{&quot;background_background&quot;:&quot;classic&quot;}\">\n\t\t\t\t\t\t<div class=\"elementor-container elementor-column-gap-default\">\n\t\t\t\t\t<div class=\"elementor-column elementor-col-100 elementor-top-column elementor-element elementor-element-89a0a8c\" data-id=\"89a0a8c\" data-element_type=\"column\">\n\t\t\t<div class=\"elementor-widget-wrap elementor-element-populated\">\n\t\t\t\t\t\t\t\t<div class=\"elementor-element elementor-element-8151895 elementor-align-center elementor-widget elementor-widget-button\" data-id=\"8151895\" data-element_type=\"widget\" data-widget_type=\"button.default\">\n\t\t\t\t<div class=\"elementor-widget-container\">\n\t\t\t\t\t<div class=\"elementor-button-wrapper\">\n\t\t\t<a href=\"https:\/\/go-remotical.com\/de\/remote-contact\/\" class=\"elementor-button-link elementor-button elementor-size-sm elementor-animation-grow\" role=\"button\">\n\t\t\t\t\t\t<span class=\"elementor-button-content-wrapper\">\n\t\t\t\t\t\t<span class=\"elementor-button-text\">Go Remotical<\/span>\n\t\t<\/span>\n\t\t\t\t\t<\/a>\n\t\t<\/div>\n\t\t\t\t<\/div>\n\t\t\t\t<\/div>\n\t\t\t\t\t<\/div>\n\t\t<\/div>\n\t\t\t\t\t\t\t<\/div>\n\t\t<\/section>\n\t\t\t\t\t\t\t<\/div>","protected":false},"excerpt":{"rendered":"<p>Fuerteventura Fuerteventura is known for its long white beaches, crystal blue ocean water, desertlike landscapes and excellent wind and wave conditions. Play with the elements or enjoy 150 kilometres of picture-perfect beaches. Find your way from the beach to the bars and enjoy the humble nightlife. Enjoy a pure, relax and carefree time here on [&hellip;]<\/p>","protected":false},"author":1,"featured_media":0,"parent":0,"menu_order":0,"comment_status":"closed","ping_status":"closed","template":"elementor_header_footer","meta":[],"yoast_head":"<!-- This site is optimized with the Yoast SEO plugin v19.7.1 - https:\/\/yoast.com\/wordpress\/plugins\/seo\/ -->\n<title>Fuerteventura - Go Remotical<\/title>\n<meta name=\"description\" content=\"Fuerteventura is known for its long white beaches, crystal blue ocean water, desertlike landscapes and excellent wind and wave conditions.\" \/>\n<meta name=\"robots\" content=\"index, follow, max-snippet:-1, max-image-preview:large, max-video-preview:-1\" \/>\n<link rel=\"canonical\" href=\"https:\/\/go-remotical.com\/de\/remote-fuerteventura\/\" \/>\n<meta property=\"og:locale\" content=\"de_DE\" \/>\n<meta property=\"og:type\" content=\"article\" \/>\n<meta property=\"og:title\" content=\"Fuerteventura - Go Remotical\" \/>\n<meta property=\"og:description\" content=\"Fuerteventura is known for its long white beaches, crystal blue ocean water, desertlike landscapes and excellent wind and wave conditions.\" \/>\n<meta property=\"og:url\" content=\"https:\/\/go-remotical.com\/de\/remote-fuerteventura\/\" \/>\n<meta property=\"og:site_name\" content=\"Go Remotical\" \/>\n<meta property=\"article:modified_time\" content=\"2022-06-06T20:28:38+00:00\" \/>\n<meta property=\"og:image\" content=\"https:\/\/go-remotical.com\/wp-content\/uploads\/2021\/06\/fuerteventura-02-724x1024.jpg\" \/>\n<meta name=\"twitter:card\" content=\"summary_large_image\" \/>\n<meta name=\"twitter:label1\" content=\"Gesch\u00e4tzte Lesezeit\" \/>\n\t<meta name=\"twitter:data1\" content=\"3\u00a0Minuten\" \/>\n<script type=\"application\/ld+json\" class=\"yoast-schema-graph\">{\"@context\":\"https:\/\/schema.org\",\"@graph\":[{\"@type\":\"WebPage\",\"@id\":\"https:\/\/go-remotical.com\/remote-fuerteventura\/\",\"url\":\"https:\/\/go-remotical.com\/remote-fuerteventura\/\",\"name\":\"Fuerteventura - Go Remotical\",\"isPartOf\":{\"@id\":\"https:\/\/go-remotical.com\/#website\"},\"datePublished\":\"2021-11-02T11:56:34+00:00\",\"dateModified\":\"2022-06-06T20:28:38+00:00\",\"description\":\"Fuerteventura is known for its long white beaches, crystal blue ocean water, desertlike landscapes and excellent wind and wave conditions.\",\"breadcrumb\":{\"@id\":\"https:\/\/go-remotical.com\/remote-fuerteventura\/#breadcrumb\"},\"inLanguage\":\"de\",\"potentialAction\":[{\"@type\":\"ReadAction\",\"target\":[\"https:\/\/go-remotical.com\/remote-fuerteventura\/\"]}]},{\"@type\":\"BreadcrumbList\",\"@id\":\"https:\/\/go-remotical.com\/remote-fuerteventura\/#breadcrumb\",\"itemListElement\":[{\"@type\":\"ListItem\",\"position\":1,\"name\":\"Home\",\"item\":\"https:\/\/go-remotical.com\/\"},{\"@type\":\"ListItem\",\"position\":2,\"name\":\"Fuerteventura\"}]},{\"@type\":\"WebSite\",\"@id\":\"https:\/\/go-remotical.com\/#website\",\"url\":\"https:\/\/go-remotical.com\/\",\"name\":\"Go Remotical\",\"description\":\"Work Remotely. Live Connected.\",\"publisher\":{\"@id\":\"https:\/\/go-remotical.com\/#organization\"},\"potentialAction\":[{\"@type\":\"SearchAction\",\"target\":{\"@type\":\"EntryPoint\",\"urlTemplate\":\"https:\/\/go-remotical.com\/?s={search_term_string}\"},\"query-input\":\"required name=search_term_string\"}],\"inLanguage\":\"de\"},{\"@type\":\"Organization\",\"@id\":\"https:\/\/go-remotical.com\/#organization\",\"name\":\"Go Remotical\",\"url\":\"https:\/\/go-remotical.com\/\",\"sameAs\":[],\"logo\":{\"@type\":\"ImageObject\",\"inLanguage\":\"de\",\"@id\":\"https:\/\/go-remotical.com\/#\/schema\/logo\/image\/\",\"url\":\"https:\/\/go-remotical.com\/wp-content\/uploads\/2020\/02\/GO_REMOTICAL_FINAL_RED_BIG_SPACER-1.png\",\"contentUrl\":\"https:\/\/go-remotical.com\/wp-content\/uploads\/2020\/02\/GO_REMOTICAL_FINAL_RED_BIG_SPACER-1.png\",\"width\":700,\"height\":700,\"caption\":\"Go Remotical\"},\"image\":{\"@id\":\"https:\/\/go-remotical.com\/#\/schema\/logo\/image\/\"}}]}<\/script>\n<!-- \/ Yoast SEO plugin. -->","yoast_head_json":{"title":"Fuerteventura - Go Remotical","description":"Fuerteventura is known for its long white beaches, crystal blue ocean water, desertlike landscapes and excellent wind and wave conditions.","robots":{"index":"index","follow":"follow","max-snippet":"max-snippet:-1","max-image-preview":"max-image-preview:large","max-video-preview":"max-video-preview:-1"},"canonical":"https:\/\/go-remotical.com\/de\/remote-fuerteventura\/","og_locale":"de_DE","og_type":"article","og_title":"Fuerteventura - Go Remotical","og_description":"Fuerteventura is known for its long white beaches, crystal blue ocean water, desertlike landscapes and excellent wind and wave conditions.","og_url":"https:\/\/go-remotical.com\/de\/remote-fuerteventura\/","og_site_name":"Go Remotical","article_modified_time":"2022-06-06T20:28:38+00:00","og_image":[{"url":"https:\/\/go-remotical.com\/wp-content\/uploads\/2021\/06\/fuerteventura-02-724x1024.jpg"}],"twitter_card":"summary_large_image","twitter_misc":{"Gesch\u00e4tzte Lesezeit":"3\u00a0Minuten"},"schema":{"@context":"https:\/\/schema.org","@graph":[{"@type":"WebPage","@id":"https:\/\/go-remotical.com\/remote-fuerteventura\/","url":"https:\/\/go-remotical.com\/remote-fuerteventura\/","name":"Fuerteventura - Go Remotical","isPartOf":{"@id":"https:\/\/go-remotical.com\/#website"},"datePublished":"2021-11-02T11:56:34+00:00","dateModified":"2022-06-06T20:28:38+00:00","description":"Fuerteventura is known for its long white beaches, crystal blue ocean water, desertlike landscapes and excellent wind and wave conditions.","breadcrumb":{"@id":"https:\/\/go-remotical.com\/remote-fuerteventura\/#breadcrumb"},"inLanguage":"de","potentialAction":[{"@type":"ReadAction","target":["https:\/\/go-remotical.com\/remote-fuerteventura\/"]}]},{"@type":"BreadcrumbList","@id":"https:\/\/go-remotical.com\/remote-fuerteventura\/#breadcrumb","itemListElement":[{"@type":"ListItem","position":1,"name":"Home","item":"https:\/\/go-remotical.com\/"},{"@type":"ListItem","position":2,"name":"Fuerteventura"}]},{"@type":"WebSite","@id":"https:\/\/go-remotical.com\/#website","url":"https:\/\/go-remotical.com\/","name":"Go Remotical","description":"Work Remotely. Live Connected.","publisher":{"@id":"https:\/\/go-remotical.com\/#organization"},"potentialAction":[{"@type":"SearchAction","target":{"@type":"EntryPoint","urlTemplate":"https:\/\/go-remotical.com\/?s={search_term_string}"},"query-input":"required name=search_term_string"}],"inLanguage":"de"},{"@type":"Organization","@id":"https:\/\/go-remotical.com\/#organization","name":"Go Remotical","url":"https:\/\/go-remotical.com\/","sameAs":[],"logo":{"@type":"ImageObject","inLanguage":"de","@id":"https:\/\/go-remotical.com\/#\/schema\/logo\/image\/","url":"https:\/\/go-remotical.com\/wp-content\/uploads\/2020\/02\/GO_REMOTICAL_FINAL_RED_BIG_SPACER-1.png","contentUrl":"https:\/\/go-remotical.com\/wp-content\/uploads\/2020\/02\/GO_REMOTICAL_FINAL_RED_BIG_SPACER-1.png","width":700,"height":700,"caption":"Go Remotical"},"image":{"@id":"https:\/\/go-remotical.com\/#\/schema\/logo\/image\/"}}]}},"_links":{"self":[{"href":"https:\/\/go-remotical.com\/de\/wp-json\/wp\/v2\/pages\/5339"}],"collection":[{"href":"https:\/\/go-remotical.com\/de\/wp-json\/wp\/v2\/pages"}],"about":[{"href":"https:\/\/go-remotical.com\/de\/wp-json\/wp\/v2\/types\/page"}],"author":[{"embeddable":true,"href":"https:\/\/go-remotical.com\/de\/wp-json\/wp\/v2\/users\/1"}],"replies":[{"embeddable":true,"href":"https:\/\/go-remotical.com\/de\/wp-json\/wp\/v2\/comments?post=5339"}],"version-history":[{"count":0,"href":"https:\/\/go-remotical.com\/de\/wp-json\/wp\/v2\/pages\/5339\/revisions"}],"wp:attachment":[{"href":"https:\/\/go-remotical.com\/de\/wp-json\/wp\/v2\/media?parent=5339"}],"curies":[{"name":"wp","href":"https:\/\/api.w.org\/{rel}","templated":true}]}}