{"id":5355,"date":"2021-11-08T12:28:43","date_gmt":"2021-11-08T12:28:43","guid":{"rendered":"https:\/\/go-remotical.com\/?page_id=5355"},"modified":"2022-06-06T20:26:50","modified_gmt":"2022-06-06T20:26:50","slug":"remote-gran-canaria","status":"publish","type":"page","link":"https:\/\/go-remotical.com\/de\/remote-gran-canaria\/","title":{"rendered":"Gran Canaria"},"content":{"rendered":"<div data-elementor-type=\"wp-page\" data-elementor-id=\"5355\" class=\"elementor elementor-5355\">\n\t\t\t\t\t\t\t\t\t<section class=\"elementor-section elementor-top-section elementor-element elementor-element-6a1796f elementor-section-full_width elementor-section-height-full elementor-section-height-default elementor-section-items-middle\" data-id=\"6a1796f\" data-element_type=\"section\" data-settings=\"{&quot;background_background&quot;:&quot;classic&quot;}\">\n\t\t\t\t\t\t<div class=\"elementor-container elementor-column-gap-default\">\n\t\t\t\t\t<div class=\"elementor-column elementor-col-100 elementor-top-column elementor-element elementor-element-7d3986c\" data-id=\"7d3986c\" data-element_type=\"column\">\n\t\t\t<div class=\"elementor-widget-wrap elementor-element-populated\">\n\t\t\t\t\t\t\t\t<div class=\"elementor-element elementor-element-5800369 elementor-widget elementor-widget-heading\" data-id=\"5800369\" data-element_type=\"widget\" data-widget_type=\"heading.default\">\n\t\t\t\t<div class=\"elementor-widget-container\">\n\t\t\t<style>\/*! elementor - v3.7.7 - 20-09-2022 *\/\n.elementor-heading-title{padding:0;margin:0;line-height:1}.elementor-widget-heading .elementor-heading-title[class*=elementor-size-]>a{color:inherit;font-size:inherit;line-height:inherit}.elementor-widget-heading .elementor-heading-title.elementor-size-small{font-size:15px}.elementor-widget-heading .elementor-heading-title.elementor-size-medium{font-size:19px}.elementor-widget-heading .elementor-heading-title.elementor-size-large{font-size:29px}.elementor-widget-heading .elementor-heading-title.elementor-size-xl{font-size:39px}.elementor-widget-heading .elementor-heading-title.elementor-size-xxl{font-size:59px}<\/style><h1 class=\"elementor-heading-title elementor-size-default\">Gran Canaria<\/h1>\t\t<\/div>\n\t\t\t\t<\/div>\n\t\t\t\t\t<\/div>\n\t\t<\/div>\n\t\t\t\t\t\t\t<\/div>\n\t\t<\/section>\n\t\t\t\t<section class=\"elementor-section elementor-top-section elementor-element elementor-element-d84b1e4 elementor-section-boxed elementor-section-height-default elementor-section-height-default\" data-id=\"d84b1e4\" data-element_type=\"section\" data-settings=\"{&quot;background_background&quot;:&quot;classic&quot;}\">\n\t\t\t\t\t\t<div class=\"elementor-container elementor-column-gap-default\">\n\t\t\t\t\t<div class=\"elementor-column elementor-col-100 elementor-top-column elementor-element elementor-element-32fd7fe\" data-id=\"32fd7fe\" data-element_type=\"column\">\n\t\t\t<div class=\"elementor-widget-wrap elementor-element-populated\">\n\t\t\t\t\t\t\t\t<section class=\"elementor-section elementor-inner-section elementor-element elementor-element-0d7a956 elementor-section-boxed elementor-section-height-default elementor-section-height-default\" data-id=\"0d7a956\" data-element_type=\"section\" data-settings=\"{&quot;background_background&quot;:&quot;classic&quot;}\">\n\t\t\t\t\t\t<div class=\"elementor-container elementor-column-gap-default\">\n\t\t\t\t\t<div class=\"elementor-column elementor-col-50 elementor-inner-column elementor-element elementor-element-1a2519f\" data-id=\"1a2519f\" data-element_type=\"column\">\n\t\t\t<div class=\"elementor-widget-wrap elementor-element-populated\">\n\t\t\t\t\t\t\t\t<div class=\"elementor-element elementor-element-c469637 elementor-widget elementor-widget-image\" data-id=\"c469637\" data-element_type=\"widget\" data-widget_type=\"image.default\">\n\t\t\t\t<div class=\"elementor-widget-container\">\n\t\t\t<style>\/*! elementor - v3.7.7 - 20-09-2022 *\/\n.elementor-widget-image{text-align:center}.elementor-widget-image a{display:inline-block}.elementor-widget-image a img[src$=\".svg\"]{width:48px}.elementor-widget-image img{vertical-align:middle;display:inline-block}<\/style>\t\t\t\t\t\t\t\t\t\t\t\t<img width=\"596\" height=\"843\" src=\"https:\/\/go-remotical.com\/wp-content\/uploads\/2021\/06\/Gran-Canaria-shape-04.jpg\" class=\"attachment-large size-large\" alt=\"Gran Canaria shape logo\" srcset=\"https:\/\/go-remotical.com\/wp-content\/uploads\/2021\/06\/Gran-Canaria-shape-04.jpg 596w, https:\/\/go-remotical.com\/wp-content\/uploads\/2021\/06\/Gran-Canaria-shape-04-212x300.jpg 212w\" sizes=\"(max-width: 596px) 100vw, 596px\" \/>\t\t\t\t\t\t\t\t\t\t\t\t\t\t\t<\/div>\n\t\t\t\t<\/div>\n\t\t\t\t\t<\/div>\n\t\t<\/div>\n\t\t\t\t<div class=\"elementor-column elementor-col-50 elementor-inner-column elementor-element elementor-element-fbf3a5d\" data-id=\"fbf3a5d\" data-element_type=\"column\">\n\t\t\t<div class=\"elementor-widget-wrap elementor-element-populated\">\n\t\t\t\t\t\t\t\t<div class=\"elementor-element elementor-element-a9446a0 elementor-widget elementor-widget-text-editor\" data-id=\"a9446a0\" data-element_type=\"widget\" data-widget_type=\"text-editor.default\">\n\t\t\t\t<div class=\"elementor-widget-container\">\n\t\t\t<style>\/*! elementor - v3.7.7 - 20-09-2022 *\/\n.elementor-widget-text-editor.elementor-drop-cap-view-stacked .elementor-drop-cap{background-color:#818a91;color:#fff}.elementor-widget-text-editor.elementor-drop-cap-view-framed .elementor-drop-cap{color:#818a91;border:3px solid;background-color:transparent}.elementor-widget-text-editor:not(.elementor-drop-cap-view-default) .elementor-drop-cap{margin-top:8px}.elementor-widget-text-editor:not(.elementor-drop-cap-view-default) .elementor-drop-cap-letter{width:1em;height:1em}.elementor-widget-text-editor .elementor-drop-cap{float:left;text-align:center;line-height:1;font-size:50px}.elementor-widget-text-editor .elementor-drop-cap-letter{display:inline-block}<\/style>\t\t\t\t<p>Es gibt viele Gr\u00fcnde, Gran Canaria zu jeder Jahreszeit als dein Home Office zu w\u00e4hlen. Das konstante und warme Klima, das pulsierende Nachtleben und die sch\u00f6nen Str\u00e4nde sind nur einige von ihnen. Wenn du auf der Suche nach Stadtleben, Unterhaltung und Bars bist, ist die K\u00fcstenstadt Las Palmas der richtige Ort f\u00fcr dich. Oder bist du eher auf der Suche nach viel Sonne und Strandleben? Keine Sorge, das gibt es auf Gran Canaria auch. \u00dcberzeuge dich selbst, hier sind einige Hotspots aufgef\u00fchrt.\u00a0<\/p>\t\t\t\t\t\t<\/div>\n\t\t\t\t<\/div>\n\t\t\t\t\t<\/div>\n\t\t<\/div>\n\t\t\t\t\t\t\t<\/div>\n\t\t<\/section>\n\t\t\t\t\t<\/div>\n\t\t<\/div>\n\t\t\t\t\t\t\t<\/div>\n\t\t<\/section>\n\t\t\t\t<section class=\"elementor-section elementor-top-section elementor-element elementor-element-e79c16c elementor-section-boxed elementor-section-height-default elementor-section-height-default\" data-id=\"e79c16c\" data-element_type=\"section\" data-settings=\"{&quot;background_background&quot;:&quot;classic&quot;}\">\n\t\t\t\t\t\t<div class=\"elementor-container elementor-column-gap-default\">\n\t\t\t\t\t<div class=\"elementor-column elementor-col-50 elementor-top-column elementor-element elementor-element-8daae9f\" data-id=\"8daae9f\" data-element_type=\"column\">\n\t\t\t<div class=\"elementor-widget-wrap elementor-element-populated\">\n\t\t\t\t\t\t\t\t<div class=\"elementor-element elementor-element-0f92e74 elementor-widget elementor-widget-heading\" data-id=\"0f92e74\" data-element_type=\"widget\" data-widget_type=\"heading.default\">\n\t\t\t\t<div class=\"elementor-widget-container\">\n\t\t\t<h2 class=\"elementor-heading-title elementor-size-default\">Las Palmas<\/h2>\t\t<\/div>\n\t\t\t\t<\/div>\n\t\t\t\t<div class=\"elementor-element elementor-element-d6c3fae elementor-widget elementor-widget-text-editor\" data-id=\"d6c3fae\" data-element_type=\"widget\" data-widget_type=\"text-editor.default\">\n\t\t\t\t<div class=\"elementor-widget-container\">\n\t\t\t\t\t\t\t<p>Hauptstadt von Gran Canaria. Eine malerische Stadt voller Kultur, Shoppingm\u00f6glichkeiten und Nachtleben. Lerne mehr \u00fcber die Geschichte der Insel in Vegueta oder entspanne dich am Strand in Las Canteras. Das Leben hier ist bunt und bietet dir vom Surfen und Sonnenuntergang an der Strandpromenade \u00fcber Gro\u00dfstadtfeeling bis hin zum Yachthafen, alles um dein aktives Leben nach der Arbeit zu gestalten.<\/p>\t\t\t\t\t\t<\/div>\n\t\t\t\t<\/div>\n\t\t\t\t\t<\/div>\n\t\t<\/div>\n\t\t\t\t<div class=\"elementor-column elementor-col-50 elementor-top-column elementor-element elementor-element-9244bcc\" data-id=\"9244bcc\" data-element_type=\"column\">\n\t\t\t<div class=\"elementor-widget-wrap elementor-element-populated\">\n\t\t\t\t\t\t\t\t<div class=\"elementor-element elementor-element-0dfc02c elementor-widget elementor-widget-image\" data-id=\"0dfc02c\" data-element_type=\"widget\" data-widget_type=\"image.default\">\n\t\t\t\t<div class=\"elementor-widget-container\">\n\t\t\t\t\t\t\t\t\t\t\t\t\t\t\t<img src=\"https:\/\/go-remotical.com\/wp-content\/uploads\/elementor\/thumbs\/Remote-Las-Palmas-main-scaled-pfxcxnnrimlzzcq17ctfxwgud5l6uaaoppv18gs8rc.jpg\" title=\"Remote &#8211; Las Palmas main beach\" alt=\"Remote - Las Palmas main beach\" \/>\t\t\t\t\t\t\t\t\t\t\t\t\t\t\t<\/div>\n\t\t\t\t<\/div>\n\t\t\t\t\t<\/div>\n\t\t<\/div>\n\t\t\t\t\t\t\t<\/div>\n\t\t<\/section>\n\t\t\t\t<section class=\"elementor-section elementor-top-section elementor-element elementor-element-6b47246 elementor-reverse-mobile elementor-section-boxed elementor-section-height-default elementor-section-height-default\" data-id=\"6b47246\" data-element_type=\"section\" data-settings=\"{&quot;background_background&quot;:&quot;classic&quot;}\">\n\t\t\t\t\t\t<div class=\"elementor-container elementor-column-gap-default\">\n\t\t\t\t\t<div class=\"elementor-column elementor-col-50 elementor-top-column elementor-element elementor-element-599affe\" data-id=\"599affe\" data-element_type=\"column\">\n\t\t\t<div class=\"elementor-widget-wrap elementor-element-populated\">\n\t\t\t\t\t\t\t\t<div class=\"elementor-element elementor-element-027cbc8 elementor-widget elementor-widget-image\" data-id=\"027cbc8\" data-element_type=\"widget\" data-widget_type=\"image.default\">\n\t\t\t\t<div class=\"elementor-widget-container\">\n\t\t\t\t\t\t\t\t\t\t\t\t\t\t\t<img src=\"https:\/\/go-remotical.com\/wp-content\/uploads\/elementor\/thumbs\/Remote-Telde-scaled-peayg2zpabag3a1w5md3nehcd3v5h2xmp3xgnggxug.jpg\" title=\"Remote &#8211; Gran Canaria\" alt=\"Remote - Gran Canaria\" \/>\t\t\t\t\t\t\t\t\t\t\t\t\t\t\t<\/div>\n\t\t\t\t<\/div>\n\t\t\t\t\t<\/div>\n\t\t<\/div>\n\t\t\t\t<div class=\"elementor-column elementor-col-50 elementor-top-column elementor-element elementor-element-29bb682\" data-id=\"29bb682\" data-element_type=\"column\">\n\t\t\t<div class=\"elementor-widget-wrap elementor-element-populated\">\n\t\t\t\t\t\t\t\t<div class=\"elementor-element elementor-element-727cf26 elementor-widget elementor-widget-heading\" data-id=\"727cf26\" data-element_type=\"widget\" data-widget_type=\"heading.default\">\n\t\t\t\t<div class=\"elementor-widget-container\">\n\t\t\t<h2 class=\"elementor-heading-title elementor-size-default\">Telde<\/h2>\t\t<\/div>\n\t\t\t\t<\/div>\n\t\t\t\t<div class=\"elementor-element elementor-element-b5f389d elementor-widget elementor-widget-text-editor\" data-id=\"b5f389d\" data-element_type=\"widget\" data-widget_type=\"text-editor.default\">\n\t\t\t\t<div class=\"elementor-widget-container\">\n\t\t\t\t\t\t\t<p>Die ehemalige Hauptstadt der Insel liegt einige Minuten s\u00fcdlich von Las Palmas. Mit seiner zentralen Lage auf der Insel ist es der perfekte Ort, um Gran Canaria zu erkunden. Telde bietet dir Geschichte und Kultur direkt vor der Haust\u00fcr, sowie die M\u00f6glichkeit, die meisten anderen Teile der Insel sehr schnell zu erreichen.<\/p>\t\t\t\t\t\t<\/div>\n\t\t\t\t<\/div>\n\t\t\t\t\t<\/div>\n\t\t<\/div>\n\t\t\t\t\t\t\t<\/div>\n\t\t<\/section>\n\t\t\t\t<section class=\"elementor-section elementor-top-section elementor-element elementor-element-37464b5 elementor-section-boxed elementor-section-height-default elementor-section-height-default\" data-id=\"37464b5\" data-element_type=\"section\" data-settings=\"{&quot;background_background&quot;:&quot;classic&quot;}\">\n\t\t\t\t\t\t<div class=\"elementor-container elementor-column-gap-default\">\n\t\t\t\t\t<div class=\"elementor-column elementor-col-50 elementor-top-column elementor-element elementor-element-af80b84\" data-id=\"af80b84\" data-element_type=\"column\">\n\t\t\t<div class=\"elementor-widget-wrap elementor-element-populated\">\n\t\t\t\t\t\t\t\t<div class=\"elementor-element elementor-element-09b3762 elementor-widget elementor-widget-heading\" data-id=\"09b3762\" data-element_type=\"widget\" data-widget_type=\"heading.default\">\n\t\t\t\t<div class=\"elementor-widget-container\">\n\t\t\t<h2 class=\"elementor-heading-title elementor-size-default\">Mogan<\/h2>\t\t<\/div>\n\t\t\t\t<\/div>\n\t\t\t\t<div class=\"elementor-element elementor-element-b619142 elementor-widget elementor-widget-text-editor\" data-id=\"b619142\" data-element_type=\"widget\" data-widget_type=\"text-editor.default\">\n\t\t\t\t<div class=\"elementor-widget-container\">\n\t\t\t\t\t\t\t<p>Dieser Ort steht f\u00fcr Farben. Die meisten kleinen H\u00e4uschen am Hafen sind komplett mit bunten Blumen geschm\u00fcckt. Wenn du in der Mittagspause gerne ein leckeres Essen und einen Kaffee genie\u00dft, ist Mogan der richtige Ort f\u00fcr dein neues B\u00fcro. Es hat alles zu bieten, was du f\u00fcr einen ruhigen und erholsamen Aufenthalt ben\u00f6tigst.<\/p>\t\t\t\t\t\t<\/div>\n\t\t\t\t<\/div>\n\t\t\t\t\t<\/div>\n\t\t<\/div>\n\t\t\t\t<div class=\"elementor-column elementor-col-50 elementor-top-column elementor-element elementor-element-38d7844\" data-id=\"38d7844\" data-element_type=\"column\">\n\t\t\t<div class=\"elementor-widget-wrap elementor-element-populated\">\n\t\t\t\t\t\t\t\t<div class=\"elementor-element elementor-element-b6ff0f7 elementor-widget elementor-widget-image\" data-id=\"b6ff0f7\" data-element_type=\"widget\" data-widget_type=\"image.default\">\n\t\t\t\t<div class=\"elementor-widget-container\">\n\t\t\t\t\t\t\t\t\t\t\t\t\t\t\t<img src=\"https:\/\/go-remotical.com\/wp-content\/uploads\/elementor\/thumbs\/684264D2-0542-4797-81B0-B6A9E0CF11C8-scaled-pdxn4snciu3p3qbiwxf4zpp8nczaa4n0zd70jp21y0.jpeg\" title=\"Remote &#8211; flowers Mogan\" alt=\"Remote - flowers Mogan\" \/>\t\t\t\t\t\t\t\t\t\t\t\t\t\t\t<\/div>\n\t\t\t\t<\/div>\n\t\t\t\t\t<\/div>\n\t\t<\/div>\n\t\t\t\t\t\t\t<\/div>\n\t\t<\/section>\n\t\t\t\t<section class=\"elementor-section elementor-top-section elementor-element elementor-element-85fc674 elementor-reverse-mobile elementor-section-boxed elementor-section-height-default elementor-section-height-default\" data-id=\"85fc674\" data-element_type=\"section\" data-settings=\"{&quot;background_background&quot;:&quot;classic&quot;}\">\n\t\t\t\t\t\t<div class=\"elementor-container elementor-column-gap-default\">\n\t\t\t\t\t<div class=\"elementor-column elementor-col-50 elementor-top-column elementor-element elementor-element-2c479f1\" data-id=\"2c479f1\" data-element_type=\"column\">\n\t\t\t<div class=\"elementor-widget-wrap elementor-element-populated\">\n\t\t\t\t\t\t\t\t<div class=\"elementor-element elementor-element-738f5b8 elementor-widget elementor-widget-image\" data-id=\"738f5b8\" data-element_type=\"widget\" data-widget_type=\"image.default\">\n\t\t\t\t<div class=\"elementor-widget-container\">\n\t\t\t\t\t\t\t\t\t\t\t\t\t\t\t<img src=\"https:\/\/go-remotical.com\/wp-content\/uploads\/elementor\/thumbs\/Remote-Mas-Palomas-2-scaled-pfxc33wlegsinl3hl5fxwlzjcc5qof0qiikxqq2uzc.jpg\" title=\"Remote &#8211; Mas palamos drone view\" alt=\"Remote - Mas palamos drone view\" \/>\t\t\t\t\t\t\t\t\t\t\t\t\t\t\t<\/div>\n\t\t\t\t<\/div>\n\t\t\t\t\t<\/div>\n\t\t<\/div>\n\t\t\t\t<div class=\"elementor-column elementor-col-50 elementor-top-column elementor-element elementor-element-79e8b5f\" data-id=\"79e8b5f\" data-element_type=\"column\">\n\t\t\t<div class=\"elementor-widget-wrap elementor-element-populated\">\n\t\t\t\t\t\t\t\t<div class=\"elementor-element elementor-element-3868e78 elementor-widget elementor-widget-heading\" data-id=\"3868e78\" data-element_type=\"widget\" data-widget_type=\"heading.default\">\n\t\t\t\t<div class=\"elementor-widget-container\">\n\t\t\t<h2 class=\"elementor-heading-title elementor-size-default\">Maspalomas<\/h2>\t\t<\/div>\n\t\t\t\t<\/div>\n\t\t\t\t<div class=\"elementor-element elementor-element-9b61bbb elementor-widget elementor-widget-text-editor\" data-id=\"9b61bbb\" data-element_type=\"widget\" data-widget_type=\"text-editor.default\">\n\t\t\t\t<div class=\"elementor-widget-container\">\n\t\t\t\t\t\t\t<p>D\u00fcnen und Lagunen, Meer und Palmen \u2013 und im Landesinneren eine gr\u00fcne Landschaft mit wundersch\u00f6nen Bungalows. Es ist das touristischere Gebiet der Insel und hat ein pulsierendes Nachtleben zu bieten. Wenn du von deinem Bungalow neben deinem Pool aus arbeiten und abends ausgehen m\u00f6chten, solltest du dein B\u00fcro in den S\u00fcden von Gran Canaria verlegen.<\/p>\t\t\t\t\t\t<\/div>\n\t\t\t\t<\/div>\n\t\t\t\t\t<\/div>\n\t\t<\/div>\n\t\t\t\t\t\t\t<\/div>\n\t\t<\/section>\n\t\t\t\t<section class=\"elementor-section elementor-top-section elementor-element elementor-element-1790fbe elementor-section-boxed elementor-section-height-default elementor-section-height-default\" data-id=\"1790fbe\" data-element_type=\"section\" data-settings=\"{&quot;background_background&quot;:&quot;classic&quot;}\">\n\t\t\t\t\t\t<div class=\"elementor-container elementor-column-gap-default\">\n\t\t\t\t\t<div class=\"elementor-column elementor-col-100 elementor-top-column elementor-element elementor-element-81f6f36\" data-id=\"81f6f36\" data-element_type=\"column\">\n\t\t\t<div class=\"elementor-widget-wrap elementor-element-populated\">\n\t\t\t\t\t\t\t\t<div class=\"elementor-element elementor-element-a54f1c6 elementor-align-center elementor-widget elementor-widget-button\" data-id=\"a54f1c6\" data-element_type=\"widget\" data-widget_type=\"button.default\">\n\t\t\t\t<div class=\"elementor-widget-container\">\n\t\t\t\t\t<div class=\"elementor-button-wrapper\">\n\t\t\t<a href=\"https:\/\/go-remotical.com\/de\/remote-contact\/\" class=\"elementor-button-link elementor-button elementor-size-sm elementor-animation-grow\" role=\"button\">\n\t\t\t\t\t\t<span class=\"elementor-button-content-wrapper\">\n\t\t\t\t\t\t<span class=\"elementor-button-text\">Go Remotical<\/span>\n\t\t<\/span>\n\t\t\t\t\t<\/a>\n\t\t<\/div>\n\t\t\t\t<\/div>\n\t\t\t\t<\/div>\n\t\t\t\t\t<\/div>\n\t\t<\/div>\n\t\t\t\t\t\t\t<\/div>\n\t\t<\/section>\n\t\t\t\t\t\t\t<\/div>","protected":false},"excerpt":{"rendered":"<p>Gran Canaria There are many reasons to choose Gran Canaria as your remote work destination, at any time of the year. It\u2019s privileged climate, vibrant nightlife and beautiful beaches are just a few of them. If you are looking for city-life, entertainment and bars, coastal city Las Palmas is the place to be. Or is [&hellip;]<\/p>","protected":false},"author":1,"featured_media":0,"parent":0,"menu_order":0,"comment_status":"closed","ping_status":"closed","template":"elementor_header_footer","meta":[],"yoast_head":"<!-- This site is optimized with the Yoast SEO plugin v19.7.1 - https:\/\/yoast.com\/wordpress\/plugins\/seo\/ -->\n<title>Gran Canaria - Go Remotical<\/title>\n<meta name=\"description\" content=\"There are many reasons to choose Gran Canaria as your remote work destination. Privileged climate, vibrant nightlife and beautiful beaches.\" \/>\n<meta name=\"robots\" content=\"index, follow, max-snippet:-1, max-image-preview:large, max-video-preview:-1\" \/>\n<link rel=\"canonical\" href=\"https:\/\/go-remotical.com\/de\/remote-gran-canaria\/\" \/>\n<meta property=\"og:locale\" content=\"de_DE\" \/>\n<meta property=\"og:type\" content=\"article\" \/>\n<meta property=\"og:title\" content=\"Gran Canaria - Go Remotical\" \/>\n<meta property=\"og:description\" content=\"There are many reasons to choose Gran Canaria as your remote work destination. Privileged climate, vibrant nightlife and beautiful beaches.\" \/>\n<meta property=\"og:url\" content=\"https:\/\/go-remotical.com\/de\/remote-gran-canaria\/\" \/>\n<meta property=\"og:site_name\" content=\"Go Remotical\" \/>\n<meta property=\"article:modified_time\" content=\"2022-06-06T20:26:50+00:00\" \/>\n<meta property=\"og:image\" content=\"https:\/\/go-remotical.com\/wp-content\/uploads\/2021\/06\/Gran-Canaria-shape-04.jpg\" \/>\n<meta name=\"twitter:card\" content=\"summary_large_image\" \/>\n<meta name=\"twitter:label1\" content=\"Gesch\u00e4tzte Lesezeit\" \/>\n\t<meta name=\"twitter:data1\" content=\"3\u00a0Minuten\" \/>\n<script type=\"application\/ld+json\" class=\"yoast-schema-graph\">{\"@context\":\"https:\/\/schema.org\",\"@graph\":[{\"@type\":\"WebPage\",\"@id\":\"https:\/\/go-remotical.com\/remote-gran-canaria\/\",\"url\":\"https:\/\/go-remotical.com\/remote-gran-canaria\/\",\"name\":\"Gran Canaria - Go Remotical\",\"isPartOf\":{\"@id\":\"https:\/\/go-remotical.com\/#website\"},\"datePublished\":\"2021-11-08T12:28:43+00:00\",\"dateModified\":\"2022-06-06T20:26:50+00:00\",\"description\":\"There are many reasons to choose Gran Canaria as your remote work destination. Privileged climate, vibrant nightlife and beautiful beaches.\",\"breadcrumb\":{\"@id\":\"https:\/\/go-remotical.com\/remote-gran-canaria\/#breadcrumb\"},\"inLanguage\":\"de\",\"potentialAction\":[{\"@type\":\"ReadAction\",\"target\":[\"https:\/\/go-remotical.com\/remote-gran-canaria\/\"]}]},{\"@type\":\"BreadcrumbList\",\"@id\":\"https:\/\/go-remotical.com\/remote-gran-canaria\/#breadcrumb\",\"itemListElement\":[{\"@type\":\"ListItem\",\"position\":1,\"name\":\"Home\",\"item\":\"https:\/\/go-remotical.com\/\"},{\"@type\":\"ListItem\",\"position\":2,\"name\":\"Gran Canaria\"}]},{\"@type\":\"WebSite\",\"@id\":\"https:\/\/go-remotical.com\/#website\",\"url\":\"https:\/\/go-remotical.com\/\",\"name\":\"Go Remotical\",\"description\":\"Work Remotely. Live Connected.\",\"publisher\":{\"@id\":\"https:\/\/go-remotical.com\/#organization\"},\"potentialAction\":[{\"@type\":\"SearchAction\",\"target\":{\"@type\":\"EntryPoint\",\"urlTemplate\":\"https:\/\/go-remotical.com\/?s={search_term_string}\"},\"query-input\":\"required name=search_term_string\"}],\"inLanguage\":\"de\"},{\"@type\":\"Organization\",\"@id\":\"https:\/\/go-remotical.com\/#organization\",\"name\":\"Go Remotical\",\"url\":\"https:\/\/go-remotical.com\/\",\"sameAs\":[],\"logo\":{\"@type\":\"ImageObject\",\"inLanguage\":\"de\",\"@id\":\"https:\/\/go-remotical.com\/#\/schema\/logo\/image\/\",\"url\":\"https:\/\/go-remotical.com\/wp-content\/uploads\/2020\/02\/GO_REMOTICAL_FINAL_RED_BIG_SPACER-1.png\",\"contentUrl\":\"https:\/\/go-remotical.com\/wp-content\/uploads\/2020\/02\/GO_REMOTICAL_FINAL_RED_BIG_SPACER-1.png\",\"width\":700,\"height\":700,\"caption\":\"Go Remotical\"},\"image\":{\"@id\":\"https:\/\/go-remotical.com\/#\/schema\/logo\/image\/\"}}]}<\/script>\n<!-- \/ Yoast SEO plugin. -->","yoast_head_json":{"title":"Gran Canaria - Go Remotical","description":"There are many reasons to choose Gran Canaria as your remote work destination. Privileged climate, vibrant nightlife and beautiful beaches.","robots":{"index":"index","follow":"follow","max-snippet":"max-snippet:-1","max-image-preview":"max-image-preview:large","max-video-preview":"max-video-preview:-1"},"canonical":"https:\/\/go-remotical.com\/de\/remote-gran-canaria\/","og_locale":"de_DE","og_type":"article","og_title":"Gran Canaria - Go Remotical","og_description":"There are many reasons to choose Gran Canaria as your remote work destination. Privileged climate, vibrant nightlife and beautiful beaches.","og_url":"https:\/\/go-remotical.com\/de\/remote-gran-canaria\/","og_site_name":"Go Remotical","article_modified_time":"2022-06-06T20:26:50+00:00","og_image":[{"url":"https:\/\/go-remotical.com\/wp-content\/uploads\/2021\/06\/Gran-Canaria-shape-04.jpg"}],"twitter_card":"summary_large_image","twitter_misc":{"Gesch\u00e4tzte Lesezeit":"3\u00a0Minuten"},"schema":{"@context":"https:\/\/schema.org","@graph":[{"@type":"WebPage","@id":"https:\/\/go-remotical.com\/remote-gran-canaria\/","url":"https:\/\/go-remotical.com\/remote-gran-canaria\/","name":"Gran Canaria - Go Remotical","isPartOf":{"@id":"https:\/\/go-remotical.com\/#website"},"datePublished":"2021-11-08T12:28:43+00:00","dateModified":"2022-06-06T20:26:50+00:00","description":"There are many reasons to choose Gran Canaria as your remote work destination. Privileged climate, vibrant nightlife and beautiful beaches.","breadcrumb":{"@id":"https:\/\/go-remotical.com\/remote-gran-canaria\/#breadcrumb"},"inLanguage":"de","potentialAction":[{"@type":"ReadAction","target":["https:\/\/go-remotical.com\/remote-gran-canaria\/"]}]},{"@type":"BreadcrumbList","@id":"https:\/\/go-remotical.com\/remote-gran-canaria\/#breadcrumb","itemListElement":[{"@type":"ListItem","position":1,"name":"Home","item":"https:\/\/go-remotical.com\/"},{"@type":"ListItem","position":2,"name":"Gran Canaria"}]},{"@type":"WebSite","@id":"https:\/\/go-remotical.com\/#website","url":"https:\/\/go-remotical.com\/","name":"Go Remotical","description":"Work Remotely. Live Connected.","publisher":{"@id":"https:\/\/go-remotical.com\/#organization"},"potentialAction":[{"@type":"SearchAction","target":{"@type":"EntryPoint","urlTemplate":"https:\/\/go-remotical.com\/?s={search_term_string}"},"query-input":"required name=search_term_string"}],"inLanguage":"de"},{"@type":"Organization","@id":"https:\/\/go-remotical.com\/#organization","name":"Go Remotical","url":"https:\/\/go-remotical.com\/","sameAs":[],"logo":{"@type":"ImageObject","inLanguage":"de","@id":"https:\/\/go-remotical.com\/#\/schema\/logo\/image\/","url":"https:\/\/go-remotical.com\/wp-content\/uploads\/2020\/02\/GO_REMOTICAL_FINAL_RED_BIG_SPACER-1.png","contentUrl":"https:\/\/go-remotical.com\/wp-content\/uploads\/2020\/02\/GO_REMOTICAL_FINAL_RED_BIG_SPACER-1.png","width":700,"height":700,"caption":"Go Remotical"},"image":{"@id":"https:\/\/go-remotical.com\/#\/schema\/logo\/image\/"}}]}},"_links":{"self":[{"href":"https:\/\/go-remotical.com\/de\/wp-json\/wp\/v2\/pages\/5355"}],"collection":[{"href":"https:\/\/go-remotical.com\/de\/wp-json\/wp\/v2\/pages"}],"about":[{"href":"https:\/\/go-remotical.com\/de\/wp-json\/wp\/v2\/types\/page"}],"author":[{"embeddable":true,"href":"https:\/\/go-remotical.com\/de\/wp-json\/wp\/v2\/users\/1"}],"replies":[{"embeddable":true,"href":"https:\/\/go-remotical.com\/de\/wp-json\/wp\/v2\/comments?post=5355"}],"version-history":[{"count":0,"href":"https:\/\/go-remotical.com\/de\/wp-json\/wp\/v2\/pages\/5355\/revisions"}],"wp:attachment":[{"href":"https:\/\/go-remotical.com\/de\/wp-json\/wp\/v2\/media?parent=5355"}],"curies":[{"name":"wp","href":"https:\/\/api.w.org\/{rel}","templated":true}]}}